{"id":15,"date":"2016-12-10T16:41:42","date_gmt":"2016-12-10T15:41:42","guid":{"rendered":"http:\/\/solarev.org\/be-aware\/?page_id=15"},"modified":"2018-07-16T12:00:18","modified_gmt":"2018-07-16T10:00:18","slug":"ueber-uns","status":"publish","type":"page","link":"https:\/\/solarev.org\/be-aware\/en\/ueber-uns\/","title":{"rendered":"\u00dcber uns"},"content":{"rendered":"<p>Das Projekt wird veranstaltet vom Berliner Bildungsverein solar e.V. (soziales Leben und Arbeiten).<br \/>\nUnser Team besteht aus drei professionellen und etwa zehn ehrenamtlichen Mitgliedern. Seit mehr als acht Jahren ist solar e.V. im Bereich der politischen Bildungsarbeit auf nationaler und internationaler Ebene mit Erwachsenen und Jugendlichen t\u00e4tig. Au\u00dferdem engagieren wir uns stark in Nachbarschaftsinitiativen und kultureller Arbeit im Berliner Nordosten. Der Verein hat seinen Sitz im Berliner Kultur und Bildungszentrum Raoul Wallenberg.<\/p>\n<p>Mehr Infos zu uns unter: <a href=\"https:\/\/solarev.org\/\" target=\"_blank\" rel=\"noopener\">www.solarev.org<\/a><\/p>\n<h2>Die be aware! Praktikant_innen<\/h2>\n<p><strong><img loading=\"lazy\" decoding=\"async\" class=\"alignleft wp-image-644 size-full\" src=\"https:\/\/solarev.org\/be-aware\/wp-content\/uploads\/sites\/9\/2018\/07\/KahledAtrash-e1531735200352.jpg\" alt=\"\" width=\"200\" height=\"200\" \/>Khaled Atrash<\/strong> (30) ist in Syrien geboren. Dort hat Khaled seine Bachelor im Bereich Literatur und Sprachwissenschaften abgeschlossen. Gerade absolviert Khaled einen Master im Bereich Sozialwissenschaften an der Humboldt Universit\u00e4t in Berlin. Im seinem Studium, hat er sich bereits zu verschiedenen politischen und kulturellen Themen &#8211; insbesondere im Bezug auf Migration, Gender und internationale Beziehungen \u2013 auseinandergesetzt. Neben dem Studium ist Khaled in verschiedenen politischen Kontexten aktiv. Jetzt steht Khaled vor seiner Abschlussarbeit. Nachdem Abschluss des Masters m\u00f6chte er gerne im Bereich Politik weiterarbeiten. Das Praktikum beim solar e.V. war eine wichtige Bereicherung f\u00fcr ihn, sagte er. Seine sozialen und interkulturellen Kompetenzen ebenso wie Kommunikationsst\u00e4rke hat er f\u00fcr die Aufgaben im Praktikum mitgebracht.<\/p>\n<p>&nbsp;<\/p>\n<p><img loading=\"lazy\" decoding=\"async\" class=\"alignleft wp-image-583\" src=\"https:\/\/solarev.org\/be-aware\/wp-content\/uploads\/sites\/9\/2018\/03\/Ahlam_300px-227x300.jpg\" alt=\"ahlam\" width=\"200\" height=\"264\" srcset=\"https:\/\/solarev.org\/be-aware\/wp-content\/uploads\/sites\/9\/2018\/03\/Ahlam_300px-227x300.jpg 227w, https:\/\/solarev.org\/be-aware\/wp-content\/uploads\/sites\/9\/2018\/03\/Ahlam_300px.jpg 300w\" sizes=\"auto, (max-width: 200px) 100vw, 200px\" \/><strong>Ahlam Alaqili<\/strong> (29) ist eine jemenitische Aktivistin. Ahlam hat einen Abschluss in Business Management der Universit\u00e4t in Sanaa, Jemen. Sie hat vor und nach der Revolution lokal und international viel \u00fcber Rechte und die Einbeziehung von Frauen in Jemen gesprochen. Nach Ausbruch des B\u00fcrgerkrieg im Jemen kam sie nach Berlin, wo sie an einem Projekt &#8220;Leben zu Hause&#8221; der NGO Global Experience teilnahm. Sie hat in Schulen und Veranstaltungen \u00fcber die Integration von Fl\u00fcchtlingen und ihre Rolle als jemenitische Frau gesprochen, um damit zur F\u00f6rderung des kulturellen Friedens beizutragen. Dar\u00fcber hinaus war sie an der Produktion von &#8220;Women&#8217;s Identity&#8221; beteiligt, einer Brosch\u00fcre, die sich mit Migrantinnen in Deutschland und deutschen Frauen im Ausland, sowie dem Konzept von Kultur und Gesellschaft besch\u00e4ftigt.<br \/>\nNeben dem Praktikum bei solar e.V. was sie auch Teilnehmende im Empowerment-Training &#8220;be visible&#8221; unseres Partners trixiewiz e.V.<\/p>\n<p><img loading=\"lazy\" decoding=\"async\" class=\"alignleft wp-image-584\" src=\"https:\/\/solarev.org\/be-aware\/wp-content\/uploads\/sites\/9\/2018\/03\/Alaa_300px-227x300.jpg\" alt=\"alaa\" width=\"200\" height=\"264\" srcset=\"https:\/\/solarev.org\/be-aware\/wp-content\/uploads\/sites\/9\/2018\/03\/Alaa_300px-227x300.jpg 227w, https:\/\/solarev.org\/be-aware\/wp-content\/uploads\/sites\/9\/2018\/03\/Alaa_300px.jpg 300w\" sizes=\"auto, (max-width: 200px) 100vw, 200px\" \/><strong>Alaa Alkasir<\/strong> (31) kommt aus Syrien. Er studierte Arch\u00e4ologie und hat an verschiedenen Ausgrabungen gearbeitet. Er absolvierte eine Weiterbildung zum Tourist-Guide und bot verschiedene F\u00fchrungen zu historischen St\u00e4dten in Syrien an. Zudem hat er in verschiedenen anderen Arbeitsbereichen gearbeitet; z.B. in einem Telefon-Shop und auch bei einer Wasserlieferfirma f\u00fcr abgelegene Standorte.<br \/>\nAls Kritiker des Al Assad Regimes fl\u00fcchtete er im Jahr 2015 nach Deutschland. In Deutschland versucht er nun seine Karriere weiter zu f\u00fchren und sein Leben wieder aufzubauen. So leitet er seit 2016 F\u00fchrungen auf Deutsch und Arabisch im Pergamon-Museum f\u00fcr Islamische Kunst. Zudem f\u00fchrt er seit zwei Monaten eine Tandem-F\u00fchrung im Martin Gropius Bau zur Ausstellung \u201eJuden, Christen, Muslime im Dialog der Wissenschaften 500-1500\u201c durch. Au\u00dferdem arbeitet er in einer Bar im Wedding.<br \/>\nZum Anfang des n\u00e4chsten Semesters, m\u00f6chte Alaa sein Master-Studium in Islamwissenschaft beginnen.<\/p>\n<p>&nbsp;<\/p>\n<h2>Das be aware! &#8211; Team<\/h2>\n<p><img loading=\"lazy\" decoding=\"async\" class=\"alignleft wp-image-581\" src=\"https:\/\/solarev.org\/be-aware\/wp-content\/uploads\/sites\/9\/2018\/03\/jens_300-300x280.jpg\" alt=\"jens\" width=\"200\" height=\"187\" \/><strong>Jens Herrmann<\/strong> (45) arbeitet seit 2011 im Kollektiv f\u00fcr politische Bildungsarbeit bei solar e.V. Er hat in G\u00f6ttingen und Berlin Politikwissenschaft studiert und als Journalist sowie in der entwicklungspolitischen und globalisierungskritischen Bildung gearbeitet. Seine aktuellen Arbeitsschwerpunkte im Kollektiv sind entwicklungspolitische, antirassistische und \u00f6kologische Themen. Daneben besch\u00e4ftigt er sich mit solidarischen Lebens- und Arbeitsformen und war \u00fcber viele Jahre in Hausprojekten und K\u00e4mpfen um die Schaffung und den Erhalt von Freir\u00e4umen in der Stadt aktiv. Seit 2004 hat er sich am Aufbau des Kultur- und Bildungszentrums Raoul Wallenberg beteiligt.<\/p>\n<p><img loading=\"lazy\" decoding=\"async\" class=\"alignleft wp-image-582\" src=\"https:\/\/solarev.org\/be-aware\/wp-content\/uploads\/sites\/9\/2018\/03\/dummy_300px-300x280.png\" alt=\"dummy-foto\" width=\"200\" height=\"187\" \/><strong>B\u00e9la <\/strong>(37) geh\u00f6rt zu den Gr\u00fcndungsmitgliedern des Kollektivs. Er hat Politikwissenschaften in Rostock und Potsdam\/Berlin studiert und w\u00e4hrend des Studiums mit antirassistischer Bildungsarbeit an Schulen im l\u00e4ndlichen Mecklenburg-Vorpommern angefangen. In der politischen Bildungsarbeit gilt sein Hauptinteresse dem (Weiter-)Entwickeln von Methoden des nicht-formalen Lernens und dem Einsatz intersektionaler Bildungsans\u00e4tze, die die \u00dcberschneidung verschiedener Diskriminierungsformen in den Blick nehmen. Daneben besch\u00e4ftigt er sich mit Reproduktion von Machtverh\u00e4ltnissen in der Fotografie und mit Diversity-sensibler Erziehung von Kindern.<\/p>\n<p><img loading=\"lazy\" decoding=\"async\" class=\"alignleft wp-image-582\" src=\"https:\/\/solarev.org\/be-aware\/wp-content\/uploads\/sites\/9\/2018\/03\/dummy_300px-300x280.png\" alt=\"dummy-foto\" width=\"200\" height=\"187\" \/><strong>Tanja <\/strong>(39) hat in Hamburg Diplomp\u00e4dagogik studiert und ist danach (2009) nach Berlin gezogen. Schon seit vielen Jahren ist sie in politischer Bildungsarbeit mit Jugendlichen und Erwachsenen t\u00e4tig. Tanjas Themenschwerpunkte sind Antirassismus, Umweltschutz und Feminismus\/Antisexismus. Sie verwendet gerne interaktive Methoden, um Diskussions- und Lernprozesse in Gruppen anzuregen. Auch auf theaterp\u00e4dagogische \u00dcbungen greift sie oft zur\u00fcck. U.a. f\u00fcr die folgenden Tr\u00e4ger hat sie in der Vergangenheit (vor ihrer Arbeit bei solar e.V.) gearbeitet: AGfJ (Arbeitsgemeinschaft freier Jugendverb\u00e4nde in Hamburg); Cultures Interactive (polit. Bildungsarbeit an Schulen); EPIZ (Workshops zu globalem Lernen u.a. in Berufsschulen); B\u00fcrgermeister Herz Grundschule (Anleitung einer Kinder-Theatergruppe). Aktuell koordiniert sie im Rahmen von solar e.V. das Klimaschutz Projekt \u201ePrima Klima in Wei\u00dfensee\u201c.<\/p>\n","protected":false},"excerpt":{"rendered":"<p>Das Projekt wird veranstaltet vom Berliner Bildungsverein solar e.V. (soziales Leben und Arbeiten). Unser Team besteht aus drei professionellen und etwa zehn ehrenamtlichen Mitgliedern. Seit mehr als acht Jahren ist solar e.V. im Bereich der politischen Bildungsarbeit auf nationaler und internationaler Ebene mit Erwachsenen und Jugendlichen t\u00e4tig. Au\u00dferdem engagieren wir uns stark in Nachbarschaftsinitiativen und kultureller Arbeit im Berliner Nordosten. Der Verein hat seinen Sitz im Berliner Kultur und Bildungszentrum Raoul Wallenberg. Mehr Infos zu uns unter: www.solarev.org Die be aware! Praktikant_innen Khaled Atrash (30) ist in Syrien geboren. Dort hat Khaled seine Bachelor im Bereich Literatur und Sprachwissenschaften abgeschlossen. Gerade absolviert Khaled einen Master<a class=\"more-link\" href=\"https:\/\/solarev.org\/be-aware\/en\/ueber-uns\/\">&gt;&gt;&gt; WEITERLESEN<\/a><\/p>\n","protected":false},"author":2,"featured_media":112,"parent":0,"menu_order":0,"comment_status":"closed","ping_status":"closed","template":"","meta":{"footnotes":""},"class_list":{"0":"entry","1":"page","2":"publish","3":"author-solarev","4":"post-15","6":"has-post-thumbnail"},"aioseo_notices":[],"_links":{"self":[{"href":"https:\/\/solarev.org\/be-aware\/en\/wp-json\/wp\/v2\/pages\/15","targetHints":{"allow":["GET"]}}],"collection":[{"href":"https:\/\/solarev.org\/be-aware\/en\/wp-json\/wp\/v2\/pages"}],"about":[{"href":"https:\/\/solarev.org\/be-aware\/en\/wp-json\/wp\/v2\/types\/page"}],"author":[{"embeddable":true,"href":"https:\/\/solarev.org\/be-aware\/en\/wp-json\/wp\/v2\/users\/2"}],"replies":[{"embeddable":true,"href":"https:\/\/solarev.org\/be-aware\/en\/wp-json\/wp\/v2\/comments?post=15"}],"version-history":[{"count":9,"href":"https:\/\/solarev.org\/be-aware\/en\/wp-json\/wp\/v2\/pages\/15\/revisions"}],"predecessor-version":[{"id":645,"href":"https:\/\/solarev.org\/be-aware\/en\/wp-json\/wp\/v2\/pages\/15\/revisions\/645"}],"wp:featuredmedia":[{"embeddable":true,"href":"https:\/\/solarev.org\/be-aware\/en\/wp-json\/wp\/v2\/media\/112"}],"wp:attachment":[{"href":"https:\/\/solarev.org\/be-aware\/en\/wp-json\/wp\/v2\/media?parent=15"}],"curies":[{"name":"wp","href":"https:\/\/api.w.org\/{rel}","templated":true}]}}