{"id":370,"date":"2017-11-08T15:17:11","date_gmt":"2017-11-08T14:17:11","guid":{"rendered":"https:\/\/solarev.org\/be-aware\/?page_id=370"},"modified":"2018-05-25T14:49:14","modified_gmt":"2018-05-25T12:49:14","slug":"newsletter","status":"publish","type":"page","link":"https:\/\/solarev.org\/be-aware\/en\/newsletter\/","title":{"rendered":"Newsletter"},"content":{"rendered":"<p><!--[mc4wp_form]--><\/p>\n<h2>Newsletter abonnieren<\/h2>\n<p>Bitte w\u00e4hlt, welchen Newsletter Ihr erhalten wollt<\/p>\n<ul>\n<li><a href=\"http:\/\/eepurl.com\/c-NKYH\" rel=\"noopener\" target=\"_blank\">Newsletter \u00fcber lokale Veranstaltungen in Berlin<\/a><\/li>\n<li><a href=\"http:\/\/eepurl.com\/db4HMH\" rel=\"noopener\" target=\"_blank\">Newsletter f\u00fcr bundesweit t\u00e4tige Organisationen<\/a><\/li>\n<li><a href=\"http:\/\/eepurl.com\/ct09hP\" rel=\"noopener\" target=\"_blank\">Newsletter f\u00fcr Berliner Organisationen<\/a><\/li>\n<\/ul>\n<h2>Archiv<\/h2>\n<p><a href=\"https:\/\/us14.campaign-archive.com\/home\/?u=1a6d644e6c74656ccdda55578&#038;id=aebfcb881b\" rel=\"noopener\" target=\"_blank\">Unter diesem Link<\/a> k\u00f6nnt Ihr die vergangenen Nachrichten einsehen.<\/p>\n","protected":false},"excerpt":{"rendered":"<p>Newsletter abonnieren Bitte w\u00e4hlt, welchen Newsletter Ihr erhalten wollt Newsletter \u00fcber lokale Veranstaltungen in Berlin Newsletter f\u00fcr bundesweit t\u00e4tige Organisationen Newsletter f\u00fcr Berliner Organisationen Archiv Unter diesem Link k\u00f6nnt Ihr die vergangenen Nachrichten einsehen.<a class=\"more-link\" href=\"https:\/\/solarev.org\/be-aware\/en\/newsletter\/\">&gt;&gt;&gt; WEITERLESEN<\/a><\/p>\n","protected":false},"author":2,"featured_media":0,"parent":0,"menu_order":0,"comment_status":"closed","ping_status":"closed","template":"","meta":{"footnotes":""},"class_list":["entry","page","publish","author-solarev","post-370"],"aioseo_notices":[],"_links":{"self":[{"href":"https:\/\/solarev.org\/be-aware\/en\/wp-json\/wp\/v2\/pages\/370","targetHints":{"allow":["GET"]}}],"collection":[{"href":"https:\/\/solarev.org\/be-aware\/en\/wp-json\/wp\/v2\/pages"}],"about":[{"href":"https:\/\/solarev.org\/be-aware\/en\/wp-json\/wp\/v2\/types\/page"}],"author":[{"embeddable":true,"href":"https:\/\/solarev.org\/be-aware\/en\/wp-json\/wp\/v2\/users\/2"}],"replies":[{"embeddable":true,"href":"https:\/\/solarev.org\/be-aware\/en\/wp-json\/wp\/v2\/comments?post=370"}],"version-history":[{"count":11,"href":"https:\/\/solarev.org\/be-aware\/en\/wp-json\/wp\/v2\/pages\/370\/revisions"}],"predecessor-version":[{"id":621,"href":"https:\/\/solarev.org\/be-aware\/en\/wp-json\/wp\/v2\/pages\/370\/revisions\/621"}],"wp:attachment":[{"href":"https:\/\/solarev.org\/be-aware\/en\/wp-json\/wp\/v2\/media?parent=370"}],"curies":[{"name":"wp","href":"https:\/\/api.w.org\/{rel}","templated":true}]}}