{"id":434,"date":"2017-11-08T15:34:12","date_gmt":"2017-11-08T14:34:12","guid":{"rendered":"https:\/\/solarev.org\/be-aware\/?page_id=434"},"modified":"2017-11-09T10:24:27","modified_gmt":"2017-11-09T09:24:27","slug":"vergangene-veranstaltungen","status":"publish","type":"page","link":"https:\/\/solarev.org\/be-aware\/en\/veranstaltungen\/vergangene-veranstaltungen\/","title":{"rendered":"Vergangene Veranstaltungen"},"content":{"rendered":"<h3>2016<\/h3>\n<ul>\n<li><a href=\"https:\/\/solarev.org\/be-aware\/Veranstaltung\/tagesseminar-der-post-koloniale-blick-stereotype-und-privilegien-sichtbar-machen\/\">Do. 24.11.2016 | Der (post-)koloniale Blick &#8211; Stereotype und Privilegien sichtbar machen<\/a><\/li>\n<li><a href=\"https:\/\/solarev.org\/be-aware\/Veranstaltung\/tagesseminar-stereotype-und-verinnerlichter-rassismus-einfuehrung-in-den-anti-bias-ansatz\/\">Fr. 09.12.2016 | Stereotype und verinnerlichter Rassismus \u2013 Einf\u00fchrung in den Anti-Bias-Ansatz<\/a><\/li>\n<li><a href=\"https:\/\/solarev.org\/be-aware\/Veranstaltung\/tagesseminar-forum-theater-empowerment-in-der-paedagogischen-praxis\/\">Sa. 10.12.2016 | Forum-Theater: Empowerment in der p\u00e4dagogischen Praxis<\/a><\/li>\n<li><a href=\"https:\/\/solarev.org\/be-aware\/Veranstaltung\/tagesseminar-die-grossen-luegen-in-der-migrations-und-fluechtlingsdebatte\/\">Fr. 16.12.2016 | Die gro\u00dfen L\u00fcgen in der Migrations- und Fl\u00fcchtlingsdebatte<\/a><\/li>\n<\/ul>\n<h3>2017<\/h3>\n<ul>\n<li><a href=\"https:\/\/solarev.org\/be-aware\/Veranstaltung\/tagesseminar-stereotype-und-verinnerlichter-rassismus-einfuehrung-in-den-anti-bias-ansatz-2\/\">Fr. 13.01.2016 | Stereotype und verinnerlichter Rassismus \u2013 Einf\u00fchrung in den Anti-Bias-Ansatz<\/a> (Wiederholungstermin)<\/li>\n<li><a href=\"https:\/\/solarev.org\/be-aware\/Veranstaltung\/tagesseminar-fluechtlingsselbstorganisation-und-proteste-geschichte-kontinuitaeten-und-perspektiven\/\">Sa. 28.01.2017 | Fl\u00fcchtlingsselbstorganisation und Proteste: Geschichte, Kontinuit\u00e4ten und Perspektiven<\/a><\/li>\n<li><a href=\"https:\/\/solarev.org\/be-aware\/Veranstaltung\/tagesseminar-die-kehrseiten-des-wohlstands-was-hat-unser-lebensstil-mit-flucht-und-migration-zu-tun\/\">Sa. 11.02.2017 | Die Kehrseiten des Wohlstands \u2013 was hat unser Lebensstil mit Flucht und Migration zu tun?<\/a><\/li>\n<li><a href=\"https:\/\/solarev.org\/be-aware\/Veranstaltung\/tagesseminar-forum-theater-kreative-entwicklung-von-handlungsstrategien-gegen-diskriminierung\/\">Fr. 10.03.2017 | Forum Theater &#8211; Kreative Entwicklung von Handlungsstrategien gegen Diskriminierung<\/a> (Wiederholung)<\/li>\n<li><a href=\"https:\/\/solarev.org\/be-aware\/Veranstaltung\/tagesseminar-alter-rassismus-im-populistischen-gewand-migrationsdebatten-vom-nachkriegs-westdeutschland-bis-heute\/\">Fr. 17.03.2017 | (Alter) Rassismus im populistischen Gewand? Migrationsdebatten vom Nachkriegs-Westdeutschland bis heute<\/a><\/li>\n<li><a href=\"https:\/\/solarev.org\/be-aware\/Veranstaltung\/tagesseminar-fluechtlingsselbstorganisation-und-proteste-geschichte-kontinuitaeten-und-perspektiven\/\">Fr. 07.04.2017 | Fl\u00fcchtlingsselbstorganisation und Proteste: Geschichte, Kontinuit\u00e4ten und Perspektiven<\/a> (Wiederholung)<\/li>\n<li><a href=\"https:\/\/solarev.org\/be-aware\/Veranstaltung\/tagesseminar-die-kehrseiten-des-wohlstands-was-hat-unser-lebensstil-mit-flucht-und-migration-zu-tun-2\/\">Do. 27.04.2017 | Die Kehrseiten des Wohlstands \u2013 was hat unser Lebensstil mit Flucht und Migration zu tun?<\/a> (Wiederholung)<\/li>\n<li><a href=\"https:\/\/solarev.org\/be-aware\/Veranstaltung\/tagesseminar-die-grossen-luegen-in-der-migrations-und-fluechtlingsdebatte-2\/\">Fr. 05.05.2017 | Die gro\u00dfen L\u00fcgen in der Migrations- und Fl\u00fcchtlingsdebatte<\/a> (Wiederholung)<\/li>\n<li><a href=\"https:\/\/solarev.org\/be-aware\/Veranstaltung\/tagesseminar-stadtrundgang-kolonialismus-erinnerungskulturen-im-nord-sued-vergleich\/\">Sa. 27.05.2017 | Kolonialismus \u2013 Erinnerungskulturen im Nord-S\u00fcd-Vergleich<\/a> (Seminar + Stadtrundgang)<\/li>\n<li><a href=\"https:\/\/solarev.org\/be-aware\/Veranstaltung\/tagesseminar-die-koloniale-brille-geschichte-und-kontinuitaeten-von-postkolonialen-sichtweisen\/?instance_id=29\">Sa. 10.06.2017 | Die koloniale Brille \u2013 Geschichte und Kontinuit\u00e4ten von postkolonialen Sichtweisen<\/a> (Wiederholung)<\/li>\n<li><a href=\"https:\/\/solarev.org\/be-aware\/Veranstaltung\/tagesseminar-kolonialismus-erinnerungskulturen-im-nord-sued-vergleich-2\/\">Sa. 15.07.2017 | Kolonialismus \u2013 Erinnerungskulturen im Nord-S\u00fcd-Vergleich<\/a> (Wiederholung)<\/li>\n<\/ul>\n","protected":false},"excerpt":{"rendered":"<p>2016 Do. 24.11.2016 | Der (post-)koloniale Blick &#8211; Stereotype und Privilegien sichtbar machen Fr. 09.12.2016 | Stereotype und verinnerlichter Rassismus \u2013 Einf\u00fchrung in den Anti-Bias-Ansatz Sa. 10.12.2016 | Forum-Theater: Empowerment in der p\u00e4dagogischen Praxis Fr. 16.12.2016 | Die gro\u00dfen L\u00fcgen in der Migrations- und Fl\u00fcchtlingsdebatte 2017 Fr. 13.01.2016 | Stereotype und verinnerlichter Rassismus \u2013 Einf\u00fchrung in den Anti-Bias-Ansatz (Wiederholungstermin) Sa. 28.01.2017 | Fl\u00fcchtlingsselbstorganisation und Proteste: Geschichte, Kontinuit\u00e4ten und Perspektiven Sa. 11.02.2017 | Die Kehrseiten des Wohlstands \u2013 was hat unser Lebensstil mit Flucht und Migration zu tun? Fr. 10.03.2017 | Forum Theater &#8211; Kreative Entwicklung von Handlungsstrategien gegen Diskriminierung (Wiederholung) Fr. 17.03.2017 | (Alter) Rassismus<a class=\"more-link\" href=\"https:\/\/solarev.org\/be-aware\/en\/veranstaltungen\/vergangene-veranstaltungen\/\">&gt;&gt;&gt; WEITERLESEN<\/a><\/p>\n","protected":false},"author":2,"featured_media":0,"parent":19,"menu_order":0,"comment_status":"closed","ping_status":"closed","template":"","meta":{"footnotes":""},"class_list":["entry","page","publish","author-solarev","post-434"],"aioseo_notices":[],"_links":{"self":[{"href":"https:\/\/solarev.org\/be-aware\/en\/wp-json\/wp\/v2\/pages\/434","targetHints":{"allow":["GET"]}}],"collection":[{"href":"https:\/\/solarev.org\/be-aware\/en\/wp-json\/wp\/v2\/pages"}],"about":[{"href":"https:\/\/solarev.org\/be-aware\/en\/wp-json\/wp\/v2\/types\/page"}],"author":[{"embeddable":true,"href":"https:\/\/solarev.org\/be-aware\/en\/wp-json\/wp\/v2\/users\/2"}],"replies":[{"embeddable":true,"href":"https:\/\/solarev.org\/be-aware\/en\/wp-json\/wp\/v2\/comments?post=434"}],"version-history":[{"count":1,"href":"https:\/\/solarev.org\/be-aware\/en\/wp-json\/wp\/v2\/pages\/434\/revisions"}],"predecessor-version":[{"id":435,"href":"https:\/\/solarev.org\/be-aware\/en\/wp-json\/wp\/v2\/pages\/434\/revisions\/435"}],"up":[{"embeddable":true,"href":"https:\/\/solarev.org\/be-aware\/en\/wp-json\/wp\/v2\/pages\/19"}],"wp:attachment":[{"href":"https:\/\/solarev.org\/be-aware\/en\/wp-json\/wp\/v2\/media?parent=434"}],"curies":[{"name":"wp","href":"https:\/\/api.w.org\/{rel}","templated":true}]}}