{"id":57,"date":"2016-12-11T06:28:52","date_gmt":"2016-12-11T05:28:52","guid":{"rendered":"http:\/\/solarev.org\/be-aware\/?page_id=57"},"modified":"2017-11-03T13:55:24","modified_gmt":"2017-11-03T12:55:24","slug":"anfahrt-kontakt","status":"publish","type":"page","link":"https:\/\/solarev.org\/be-aware\/anfahrt-kontakt\/","title":{"rendered":"Anfahrt &#038; Kontakt"},"content":{"rendered":"<p><img loading=\"lazy\" decoding=\"async\" src=\"https:\/\/solarev.org\/wp-content\/uploads\/2016\/08\/karte_farbig_transparent_klein.gif\" alt=\"Karte KuBiZ\" width=\"253\" height=\"303\" class=\"kooperationspartner alignright size-full wp-image-96\" \/><\/p>\n<p class=\"ppartner\">Die Seminare finden (sofern nicht anders angegeben) im tagungswerk im KuBiZ statt.<br \/>\n<strong>KuBiZ &#8211; Kultur- und Bildungszentrum Raoul Wallenberg<\/strong><br \/>\nBernkasteler Strasse 78<br \/>\n13088 Berlin-Wei\u00dfensee, Germany<br \/>\n<strong>Web:<\/strong> <a href=\"http:\/\/www.kubiz-wallenberg.de\" target=\"_blank\">www.kubiz-wallenberg.de<\/a><br \/>\n<a href=\"https:\/\/www.google.com\/maps\/d\/viewer?hl=de&#038;t=h&#038;z=16&#038;msa=0&#038;ie=UTF8&#038;om=1&#038;mid=1ZLk5l14jjD3-AIirJa6EBXkueKU&#038;ll=52.55439759389357%2C13.467783999999938\" target=\"_blank\">In Google Maps anschauen<\/a><\/p>\n<p><strong>Veranstaltet von solar e.V. &#8211; soziales Leben und Arbeiten<\/strong><br \/>\n<strong>Phone:<\/strong> (+49) 030 86\u200587\u200501 519 (Mo-Do. 11-16h)<br \/>\n<strong>Email:<\/strong> organize(at)solarev.org<br \/>\n<strong>Web:<\/strong> <a href=\"http:\/\/www.solarev.org\">www.solarev.org<\/a><br \/>\nEingetragen beim Vereinsregister Berlin-Charlottenburg, Register Nr. VR 23889 B.<\/p>\n<p>&nbsp;<\/p>\n<h3>Anfahrt zum KuBiZ &#8211; Kultur- und Bildungszentrum Raoul Wallenberg Berlin<\/h3>\n<p><strong>Zu erreichen mit<\/strong><\/p>\n<ul>\n<li>der Stra\u00dfenbahn M4 (Buschallee) oder<\/li>\n<li>den Stra\u00dfenbahnen 12 und 27 (Berliner Allee\/Rennbahnstra\u00dfe) oder<\/li>\n<li>den Bussen 156, 255 oder 259<\/li>\n<\/ul>\n<p><strong>Von &#8222;S Greifswalder Str.&#8220; oder \u201cS + U Alexanderplatz\u201d kommend\u2026<\/strong><\/p>\n<ul>\n<li>Die Tram M4 Richtung \u201eHohensch\u00f6nhausen \/ Zingster Str.\u201c oder \u201eFalkenberg\u201c nehmen.<\/li>\n<li>An der Station \u201eBuschallee\u201c aussteigen.<\/li>\n<li>Die Haltestelle in Fahrtrichtung verlassen und links in die \u201eGartenstra\u00dfe\u201c einbiegen.<\/li>\n<li>Die Falkenberger Stra\u00dfe \u00fcberqueren und geradeaus dem kleinen Gehweg folgen, der zwischen den Wohnh\u00e4usern entlang f\u00fchrt.<\/li>\n<li>Geradezu seht Ihr schon das KuBiZ \u2013 das gro\u00dfe Geb\u00e4ude mit den bunten Fensterrahmen.<\/li>\n<\/ul>\n","protected":false},"excerpt":{"rendered":"<p>Die Seminare finden (sofern nicht anders angegeben) im tagungswerk im KuBiZ statt. KuBiZ &#8211; Kultur- und Bildungszentrum Raoul Wallenberg Bernkasteler Strasse 78 13088 Berlin-Wei\u00dfensee, Germany Web: www.kubiz-wallenberg.de In Google Maps anschauen Veranstaltet von solar e.V. &#8211; soziales Leben und Arbeiten Phone: (+49) 030 86\u200587\u200501 519 (Mo-Do. 11-16h) Email: organize(at)solarev.org Web: www.solarev.org Eingetragen beim Vereinsregister Berlin-Charlottenburg, Register Nr. VR 23889 B. &nbsp; Anfahrt zum KuBiZ &#8211; Kultur- und Bildungszentrum Raoul Wallenberg Berlin Zu erreichen mit der Stra\u00dfenbahn M4 (Buschallee) oder den Stra\u00dfenbahnen 12 und 27 (Berliner Allee\/Rennbahnstra\u00dfe) oder den Bussen 156, 255 oder 259 Von &#8222;S Greifswalder Str.&#8220; oder \u201cS + U Alexanderplatz\u201d kommend\u2026 Die Tram<a class=\"more-link\" href=\"https:\/\/solarev.org\/be-aware\/anfahrt-kontakt\/\">&gt;&gt;&gt; WEITERLESEN<\/a><\/p>\n","protected":false},"author":2,"featured_media":0,"parent":0,"menu_order":0,"comment_status":"closed","ping_status":"closed","template":"","meta":{"footnotes":""},"class_list":["entry","page","publish","author-solarev","post-57"],"aioseo_notices":[],"_links":{"self":[{"href":"https:\/\/solarev.org\/be-aware\/wp-json\/wp\/v2\/pages\/57","targetHints":{"allow":["GET"]}}],"collection":[{"href":"https:\/\/solarev.org\/be-aware\/wp-json\/wp\/v2\/pages"}],"about":[{"href":"https:\/\/solarev.org\/be-aware\/wp-json\/wp\/v2\/types\/page"}],"author":[{"embeddable":true,"href":"https:\/\/solarev.org\/be-aware\/wp-json\/wp\/v2\/users\/2"}],"replies":[{"embeddable":true,"href":"https:\/\/solarev.org\/be-aware\/wp-json\/wp\/v2\/comments?post=57"}],"version-history":[{"count":6,"href":"https:\/\/solarev.org\/be-aware\/wp-json\/wp\/v2\/pages\/57\/revisions"}],"predecessor-version":[{"id":395,"href":"https:\/\/solarev.org\/be-aware\/wp-json\/wp\/v2\/pages\/57\/revisions\/395"}],"wp:attachment":[{"href":"https:\/\/solarev.org\/be-aware\/wp-json\/wp\/v2\/media?parent=57"}],"curies":[{"name":"wp","href":"https:\/\/api.w.org\/{rel}","templated":true}]}}