{"id":13,"date":"2024-10-09T15:32:54","date_gmt":"2024-10-09T13:32:54","guid":{"rendered":"https:\/\/solarev.org\/diversify\/?page_id=13"},"modified":"2025-03-27T14:15:31","modified_gmt":"2025-03-27T13:15:31","slug":"seminare","status":"publish","type":"page","link":"https:\/\/solarev.org\/diversify\/en\/seminare\/","title":{"rendered":"Seminare"},"content":{"rendered":"<h3><img loading=\"lazy\" decoding=\"async\" width=\"2000\" height=\"1600\" class=\"wp-image-120 size-medium aligncenter\" src=\"https:\/\/solarev.org\/diversify\/wp-content\/uploads\/sites\/11\/2024\/10\/Diversify-website-page-seminare.png\" alt=\"\" srcset=\"https:\/\/solarev.org\/diversify\/wp-content\/uploads\/sites\/11\/2024\/10\/Diversify-website-page-seminare.png 2000w, https:\/\/solarev.org\/diversify\/wp-content\/uploads\/sites\/11\/2024\/10\/Diversify-website-page-seminare-300x240.png 300w, https:\/\/solarev.org\/diversify\/wp-content\/uploads\/sites\/11\/2024\/10\/Diversify-website-page-seminare-1024x819.png 1024w, https:\/\/solarev.org\/diversify\/wp-content\/uploads\/sites\/11\/2024\/10\/Diversify-website-page-seminare-768x614.png 768w, https:\/\/solarev.org\/diversify\/wp-content\/uploads\/sites\/11\/2024\/10\/Diversify-website-page-seminare-1536x1229.png 1536w, https:\/\/solarev.org\/diversify\/wp-content\/uploads\/sites\/11\/2024\/10\/Diversify-website-page-seminare-425x340.png 425w\" sizes=\"auto, (max-width: 2000px) 100vw, 2000px\" \/><\/h3>\n<h3><\/h3>\n<h3><\/h3>\n<h3><\/h3>\n<h3><\/h3>\n<h3><\/h3>\n<h3><\/h3>\n<h3><\/h3>\n<h3><span style=\"color: #000000;\">Allgemeine Informationen<\/span><\/h3>\n<p><span style=\"color: #000000;\">Unsere Seminare haben wir mit Gruppengr\u00f6\u00dfen von 15 bis 23 Personen durchgef\u00fchrt. Die Zielgruppe waren prim\u00e4r Erwachsene, die selbst in der (entwicklungs-)politischen Bildungs- &amp; Informationsarbeit t\u00e4tig sind<span style=\"font-family: Arial, serif;\">. In unseren Seminargruppen waren aber auch P\u00e4dagog:innen aus anderen Berufsfeldern, Sozialarbeiter:.innen, Aktive aus migrantischen Selbstorganisationen, Student:innen mit &amp; ohne entwicklungspolitischem Bezug, R\u00fcckkehrer:innen von Nord-S\u00fcd-Austauschen und Freiwillige, die gerade \u00fcber S\u00fcd-Nord-Austauschprogrammen in Berlin sind. Auch in diesen divers zusammengesetzten Gruppen haben die Seminarkonzepte gut funktioniert. Die Seminarkonzepte sind so angelegt, dass die Teilnehmenden kein Vorwissen brauchen, um die Seminare besuchen zu k\u00f6nnen. <\/span>Gerne k\u00f6nnt ihr uns kontaktieren, wenn ihr an den Seminarthemen interessiert seid und ihr uns f\u00fcr eine Seminardurchf\u00fchrung engagieren wollt. Unseren Kontakt findet ihr unten auf der Website.<\/span><\/p>\n<h3 align=\"justify\"><\/h3>\n<p>&nbsp;<\/p>\n<h3 align=\"justify\"><span style=\"color: #000000;\">Unsere Seminare<\/span><\/h3>\n<h4 align=\"justify\"><span style=\"font-family: Arial, serif; color: #000000;\">Gestern &amp; Heute: Der Sudan im Fokus verschiedenster Machtinteressen? (09. &amp; 16.12.23)<\/span><\/h4>\n<p align=\"justify\"><span style=\"color: #000000;\"><span style=\"font-size: 14px;\">Mit unserem ersten Hospitanten entwickelten wir zwei Halbtagesseminare, wo von das erste Seminar als Onlineseminar konzipiert wurde. Thematisch bezogen sich die beiden Seminare auf die Situation im Sudan, wo nach dem Milit\u00e4rputsch rivalisierende Milit\u00e4rs einen B\u00fcrgerkrieg anfingen, der bis heute andauert. Mittlerweile ist die aktuelle Situation im Sudan in der medialen Berichterstattung in der Bedeutungslosigkeit verschwunden, Ende 2022 haben wir aber die Aufmerksamkeit, die es f\u00fcr die Situation im Sudan gab, genutzt, um die Hintergr\u00fcnde der Ereignisse zu beleuchten, Erkl\u00e4rungsans\u00e4tze zu liefern, historische Ursachen zu erarbeiten und die Entwicklungen im Sudan im globalen Koordinatensystem der Nord-S\u00fcd Beziehungen zu verorten. <\/span><\/span><\/p>\n<p align=\"justify\"><span style=\"color: #000000;\"><a style=\"color: #000000;\" href=\"https:\/\/solarev.org\/diversify\/wp-content\/uploads\/sites\/11\/2024\/10\/Ablaufplan-Sudan-Seminare-09.-_-16.12.23.pdf\">Ablaufplan der Sudan: Gestern &amp; Heute<\/a><\/span><\/p>\n<p>&nbsp;<\/p>\n<h4 align=\"justify\"><span style=\"color: #000000;\"><span style=\"font-family: Arial, serif;\">Resist \u2013 rebel! Globaler Widerstand gegen imperiale Lebensweisen<\/span><span style=\"font-family: Arial, serif;\"> (25.05.24)<\/span><\/span><\/h4>\n<p align=\"justify\"><span style=\"color: #000000;\"><span style=\"font-size: 14px;\">F\u00fcr die zweite Hospitation entschieden wir uns f\u00fcr das Thema \u201cResist \u2013 rebel! Globaler Widerstand gegen imperiale Lebensweisen\u201c. Das viel diskutierte Konzept der imperialen Lebensweise der Politikwisschenschaftler Ulrich Brand und Markus Wissen stellte den Rahmen f\u00fcr die Analyse des Ist-Zustandes, um dann anhand konkreter Beispiele in Costa Rica, Sri Lanka und Deutschland in den Blick zu nehmen, was die Kritik an unseren Lebensweisen im globalen Norden ist, welche Forderungen diese haben und auf welche Protestformen sie zur\u00fcckgreifen. Wie schon bei den ersten beiden Workshops ging es auch um die Frage, wie wir im globalen Norden solidarisch handeln k\u00f6nnen. <\/span><\/span><\/p>\n<p align=\"justify\"><span style=\"color: #000000;\"><a style=\"color: #000000;\" href=\"https:\/\/solarev.org\/diversify\/wp-content\/uploads\/sites\/11\/2024\/10\/Ablaufplan-Globale-Proteste-Seminar-25.05.2024.pdf\"><span style=\"font-size: 14px;\">Ablaufplan globale Proteste<\/span><\/a><\/span><\/p>\n<p>&nbsp;<\/p>\n<h4 align=\"justify\"><span style=\"font-family: Arial, serif; color: #000000;\">Who cares? Die unsichtbaren Kosten unseres Drogenkonsums im globalen S\u00fcden (29.06. &amp; 27.07.24)<\/span><\/h4>\n<p align=\"justify\"><span style=\"color: #000000;\"><span style=\"font-size: 14px;\">Mit der dritten Hospitantin erarbeiteten wir ein Workshopkonzept zum Thema \u201cWho cares? Die unsichtbaren Kosten unseres Drogenkonsums im globalen S\u00fcden\u201c. Die Nord-S\u00fcd-Beziehungen in entwicklungspolitischer Bildungs- und Informationsarbeit werden h\u00e4ufig anhand klassischer Produkte wie Kaffee, Tee oder auch Schokolade verdeutlicht. In unserem Workshop haben wir Drogen wie Kokain und Heroin in den Blick genommen, die Anbau- und Produktionsbedingungen analysiert, globale Lieferketten untersucht, die Folgen f\u00fcr Menschen, Natur und Gesellschaft ber\u00fccksichtigt und das Spannungsfeld zwischen legalem Kokaanbau, der kulturell-religi\u00f6sen Bedeutung der Pflanze in S\u00fcd- und Mittelamerika und dem Anbau zur Herstellung von Drogen f\u00fcr den europ\u00e4ischen und US-amerikanischen Markt diskutiert. <\/span><\/span><\/p>\n<p align=\"justify\"><span style=\"color: #000000;\"><a style=\"color: #000000;\" href=\"https:\/\/solarev.org\/diversify\/wp-content\/uploads\/sites\/11\/2025\/03\/Ablaufplan-Who-cares-Seminare-29.06-27.07.2024.pdf\"><span style=\"font-size: 14px;\">Ablaufplan Who cares<\/span><\/a><\/span><\/p>\n<p>&nbsp;<\/p>\n<h4 align=\"justify\"><span style=\"font-family: Arial, serif; color: #000000;\">Flipping perceptions of Brazil &amp; Costa Rica (24.07.24)<\/span><\/h4>\n<p align=\"justify\"><span style=\"color: #000000;\"><span style=\"font-size: 14px;\">In der abschlie\u00dfenden Hospitation haben wir uns unter dem Titel \u201cFlipping perceptions of Brazil and Costa Rica\u201c mit unseren Bildern, Wahrnehmungen und Zuschreibungen von Brasilien und Costa Rica besch\u00e4ftigt. Die Analyse diente dabei der Frage, wie unsere einseitigen Bilder unser Denken und Handeln beeinflussen, woher diese Zuschreibungen kommen und wie sich diese aufbrechen lassen. Im Kontext von entwicklungspolitischer Zusammenarbeit und Projekten haben wir uns beispielhaft Kampagnen- und Spendenwerbung von NGOS angeschaut, uns aber auch mit den Erfahrungen von Freiwilligen in Nord-S\u00fcd und S\u00fcd-Nord-Austauschprogrammen auseinandergesetzt. Als Analysetool diente dabei der bekannte TED-Talk von Chimamanda Ngozi Adichie \u201cThe danger of a single story.\u201c <\/span><\/span><\/p>\n<p align=\"justify\"><span style=\"color: #000000;\"><a style=\"color: #000000;\" href=\"https:\/\/solarev.org\/diversify\/wp-content\/uploads\/sites\/11\/2024\/10\/Ablaufplan-Flipping-perceptions-of-Costa-Rica-Brazil-Seminar-24.07.2024.pdf\"><span style=\"font-size: 14px;\">Ablaufplan Flipping perceptions<\/span><\/a><\/span><\/p>\n","protected":false},"excerpt":{"rendered":"<p>Allgemeine Informationen Unsere Seminare haben wir mit Gruppengr\u00f6\u00dfen von 15 bis 23 Personen durchgef\u00fchrt. Die Zielgruppe waren prim\u00e4r Erwachsene, die selbst in der (entwicklungs-)politischen Bildungs- &amp; Informationsarbeit t\u00e4tig sind. In unseren Seminargruppen waren aber auch P\u00e4dagog:innen aus anderen Berufsfeldern, Sozialarbeiter:.innen, Aktive aus migrantischen Selbstorganisationen, Student:innen mit &amp; ohne entwicklungspolitischem Bezug, R\u00fcckkehrer:innen von Nord-S\u00fcd-Austauschen und Freiwillige, die gerade \u00fcber S\u00fcd-Nord-Austauschprogrammen in Berlin sind. Auch in diesen divers zusammengesetzten Gruppen haben die Seminarkonzepte gut funktioniert. Die Seminarkonzepte sind so angelegt, dass die Teilnehmenden kein Vorwissen brauchen, um die Seminare besuchen zu k\u00f6nnen. Gerne k\u00f6nnt ihr uns kontaktieren, wenn ihr an den Seminarthemen interessiert seid und ihr uns<a class=\"more-link\" href=\"https:\/\/solarev.org\/diversify\/en\/seminare\/\">Read More &rarr;<\/a><\/p>\n","protected":false},"author":1,"featured_media":0,"parent":0,"menu_order":0,"comment_status":"closed","ping_status":"closed","template":"","meta":{"footnotes":""},"class_list":["entry","page","publish","author-s0lar-admin_a","post-13"],"aioseo_notices":[],"_links":{"self":[{"href":"https:\/\/solarev.org\/diversify\/en\/wp-json\/wp\/v2\/pages\/13","targetHints":{"allow":["GET"]}}],"collection":[{"href":"https:\/\/solarev.org\/diversify\/en\/wp-json\/wp\/v2\/pages"}],"about":[{"href":"https:\/\/solarev.org\/diversify\/en\/wp-json\/wp\/v2\/types\/page"}],"author":[{"embeddable":true,"href":"https:\/\/solarev.org\/diversify\/en\/wp-json\/wp\/v2\/users\/1"}],"replies":[{"embeddable":true,"href":"https:\/\/solarev.org\/diversify\/en\/wp-json\/wp\/v2\/comments?post=13"}],"version-history":[{"count":24,"href":"https:\/\/solarev.org\/diversify\/en\/wp-json\/wp\/v2\/pages\/13\/revisions"}],"predecessor-version":[{"id":189,"href":"https:\/\/solarev.org\/diversify\/en\/wp-json\/wp\/v2\/pages\/13\/revisions\/189"}],"wp:attachment":[{"href":"https:\/\/solarev.org\/diversify\/en\/wp-json\/wp\/v2\/media?parent=13"}],"curies":[{"name":"wp","href":"https:\/\/api.w.org\/{rel}","templated":true}]}}