{"id":15,"date":"2024-10-09T15:39:06","date_gmt":"2024-10-09T13:39:06","guid":{"rendered":"https:\/\/solarev.org\/diversify\/?page_id=15"},"modified":"2024-10-14T17:00:42","modified_gmt":"2024-10-14T15:00:42","slug":"material","status":"publish","type":"page","link":"https:\/\/solarev.org\/diversify\/material\/","title":{"rendered":"Material"},"content":{"rendered":"<p><span style=\"color: #000000;\">Einige ausf\u00fchrlichere Methodenbeschreibungen von Methoden, die wir f\u00fcr unsere Seminare erarbeitet und\/oder angepasst haben, haben wir hier f\u00fcr euch zusammengestellt:<\/span><\/p>\n<hr \/>\n<table>\n<tbody>\n<tr>\n<th><span style=\"color: #000000;\">Beschreibung<\/span><\/th>\n<th><span style=\"color: #000000;\">Dateiname<\/span><\/th>\n<\/tr>\n<tr>\n<td><span style=\"color: #000000;\">Interaktives Quiz, das Hintergrundwissen zum Sudan vermittelt.<\/span><\/td>\n<td><span style=\"color: #000000;\"><a style=\"color: #000000;\" href=\"https:\/\/solarev.org\/diversify\/wp-content\/uploads\/sites\/11\/2024\/10\/Quiz-Sudan.pdf\">Quiz Sudan<\/a><\/span><br \/>\n<span style=\"color: #000000;\"><a style=\"color: #000000;\" href=\"https:\/\/solarev.org\/diversify\/wp-content\/uploads\/sites\/11\/2024\/10\/Quiz-Praesentation-Sudan.pdf\">Quiz &#8211; Pr\u00e4sentation Sudan<\/a><\/span><\/td>\n<\/tr>\n<tr>\n<td><span style=\"color: #000000;\">Methode, in der Zitate mit Bezug zum Sudan Personen zugeordnet auf einem Zeitstrahl angeordnet werden.<\/span><\/td>\n<td><span style=\"color: #000000;\"><a style=\"color: #000000;\" href=\"https:\/\/solarev.org\/diversify\/wp-content\/uploads\/sites\/11\/2024\/10\/Zitate-Zahlenstrahl-Sudan.pdf\">Zitate &#8211; Zahlenstrahl &#8211; Sudan<\/a><\/span><\/td>\n<\/tr>\n<tr>\n<td><span style=\"color: #000000;\">Pr\u00e4sentation mit der Aufl\u00f6sung, von wem die Zitate sind und aus welcher Zeit.<\/span><\/td>\n<td><span style=\"color: #000000;\"><a style=\"color: #000000;\" href=\"https:\/\/solarev.org\/diversify\/wp-content\/uploads\/sites\/11\/2024\/10\/Zitate-Praesentation-Einordnung-Sudan.pdf\">Zitate &#8211; Pr\u00e4sentation &#8211; Einordnung &#8211; Sudan<\/a><\/span><\/td>\n<\/tr>\n<tr>\n<td><span style=\"color: #000000;\">Methode, bei der die Seminargruppe den Umriss Afrikas malt &amp; reflektiert, wo die Schwierigkeiten sind.<\/span><\/td>\n<td><span style=\"color: #000000;\"><a style=\"color: #000000;\" href=\"https:\/\/solarev.org\/diversify\/wp-content\/uploads\/sites\/11\/2024\/10\/Unser-Bild-von-Afrika.pdf\">Unser Bild von Afrika<\/a><\/span><\/td>\n<\/tr>\n<tr>\n<td><span style=\"color: #000000;\">Die Seminargruppe besch\u00e4ftigt sich anhand von Bildern mit Protesten im globalen S\u00fcden &amp; Norden.<\/span><\/td>\n<td><span style=\"color: #000000;\"><a style=\"color: #000000;\" href=\"https:\/\/solarev.org\/diversify\/wp-content\/uploads\/sites\/11\/2024\/10\/Pictionary.pdf\">Pictionary<\/a><\/span><\/td>\n<\/tr>\n<tr>\n<td><span style=\"color: #000000;\">Kleingruppen zu Teeplantagenarbeiter:innen auf Sri Lanka, Essenslieferant:innen in Deutschland und Anti-Gentrifizierungsbewegung in Costa Rica und ihren Protesten<\/span><\/td>\n<td><span style=\"color: #000000;\"><a style=\"color: #000000;\" href=\"https:\/\/solarev.org\/diversify\/wp-content\/uploads\/sites\/11\/2024\/10\/Kleingruppe-Globale-Proteste.pdf\">Kleingruppe Globale Proteste<\/a><\/span><\/td>\n<\/tr>\n<tr>\n<td><span style=\"color: #000000;\">Mystery Stories zu Koka-Anbau, Migration &amp; Drogentransit und Opiumanbau<\/span><\/td>\n<td><span style=\"color: #000000;\"><a style=\"color: #000000;\" href=\"https:\/\/solarev.org\/diversify\/wp-content\/uploads\/sites\/11\/2024\/10\/Mystery-Stories.pdf\">Mystery Stories<\/a><\/span><\/td>\n<\/tr>\n<tr>\n<td><span style=\"color: #000000;\">Anhand vorgegebener Problemstellungen diskutieren Kleingruppen, wie wahre Solidarit\u00e4t heute aussehen kann.<\/span><\/td>\n<td><span style=\"color: #000000;\"><a style=\"color: #000000;\" href=\"https:\/\/solarev.org\/diversify\/wp-content\/uploads\/sites\/11\/2024\/10\/Wahre-Solidaritaet.pdf\">Wa(h)re Solidarit\u00e4t<\/a><\/span><\/td>\n<\/tr>\n<\/tbody>\n<\/table>\n<hr \/>\n<p align=\"justify\">\n","protected":false},"excerpt":{"rendered":"<p>Einige ausf\u00fchrlichere Methodenbeschreibungen von Methoden, die wir f\u00fcr unsere Seminare erarbeitet und\/oder angepasst haben, haben wir hier f\u00fcr euch zusammengestellt: Beschreibung Dateiname Interaktives Quiz, das Hintergrundwissen zum Sudan vermittelt. Quiz Sudan Quiz &#8211; Pr\u00e4sentation Sudan Methode, in der Zitate mit Bezug zum Sudan Personen zugeordnet auf einem Zeitstrahl angeordnet werden. Zitate &#8211; Zahlenstrahl &#8211; Sudan Pr\u00e4sentation mit der Aufl\u00f6sung, von wem die Zitate sind und aus welcher Zeit. Zitate &#8211; Pr\u00e4sentation &#8211; Einordnung &#8211; Sudan Methode, bei der die Seminargruppe den Umriss Afrikas malt &amp; reflektiert, wo die Schwierigkeiten sind. Unser Bild von Afrika Die Seminargruppe besch\u00e4ftigt sich anhand von Bildern mit Protesten im globalen<a class=\"more-link\" href=\"https:\/\/solarev.org\/diversify\/material\/\">Read More &rarr;<\/a><\/p>\n","protected":false},"author":1,"featured_media":0,"parent":0,"menu_order":0,"comment_status":"closed","ping_status":"closed","template":"","meta":{"footnotes":""},"class_list":["entry","page","publish","author-s0lar-admin_a","post-15"],"aioseo_notices":[],"_links":{"self":[{"href":"https:\/\/solarev.org\/diversify\/wp-json\/wp\/v2\/pages\/15","targetHints":{"allow":["GET"]}}],"collection":[{"href":"https:\/\/solarev.org\/diversify\/wp-json\/wp\/v2\/pages"}],"about":[{"href":"https:\/\/solarev.org\/diversify\/wp-json\/wp\/v2\/types\/page"}],"author":[{"embeddable":true,"href":"https:\/\/solarev.org\/diversify\/wp-json\/wp\/v2\/users\/1"}],"replies":[{"embeddable":true,"href":"https:\/\/solarev.org\/diversify\/wp-json\/wp\/v2\/comments?post=15"}],"version-history":[{"count":14,"href":"https:\/\/solarev.org\/diversify\/wp-json\/wp\/v2\/pages\/15\/revisions"}],"predecessor-version":[{"id":141,"href":"https:\/\/solarev.org\/diversify\/wp-json\/wp\/v2\/pages\/15\/revisions\/141"}],"wp:attachment":[{"href":"https:\/\/solarev.org\/diversify\/wp-json\/wp\/v2\/media?parent=15"}],"curies":[{"name":"wp","href":"https:\/\/api.w.org\/{rel}","templated":true}]}}