{"id":8,"date":"2024-10-09T15:04:14","date_gmt":"2024-10-09T13:04:14","guid":{"rendered":"https:\/\/solarev.org\/diversify\/?page_id=8"},"modified":"2024-10-18T15:30:02","modified_gmt":"2024-10-18T13:30:02","slug":"logo-und-foerderer","status":"publish","type":"page","link":"https:\/\/solarev.org\/diversify\/logo-und-foerderer\/","title":{"rendered":"Logo &#038; F\u00f6rderer"},"content":{"rendered":"<p><img loading=\"lazy\" decoding=\"async\" class=\"alignleft wp-image-144 size-medium\" src=\"https:\/\/solarev.org\/diversify\/wp-content\/uploads\/sites\/11\/2024\/10\/cropped-diversify-logo-blue-grey-background-300x289.png\" alt=\"\" width=\"300\" height=\"289\" srcset=\"https:\/\/solarev.org\/diversify\/wp-content\/uploads\/sites\/11\/2024\/10\/cropped-diversify-logo-blue-grey-background-300x289.png 300w, https:\/\/solarev.org\/diversify\/wp-content\/uploads\/sites\/11\/2024\/10\/cropped-diversify-logo-blue-grey-background-1024x985.png 1024w, https:\/\/solarev.org\/diversify\/wp-content\/uploads\/sites\/11\/2024\/10\/cropped-diversify-logo-blue-grey-background-768x739.png 768w, https:\/\/solarev.org\/diversify\/wp-content\/uploads\/sites\/11\/2024\/10\/cropped-diversify-logo-blue-grey-background-1536x1478.png 1536w, https:\/\/solarev.org\/diversify\/wp-content\/uploads\/sites\/11\/2024\/10\/cropped-diversify-logo-blue-grey-background-2048x1971.png 2048w, https:\/\/solarev.org\/diversify\/wp-content\/uploads\/sites\/11\/2024\/10\/cropped-diversify-logo-blue-grey-background-425x409.png 425w\" sizes=\"auto, (max-width: 300px) 100vw, 300px\" \/><\/p>\n<h3><span style=\"color: #000000; padding-top: 1em;\">Unser Logo<\/span><\/h3>\n<p><span style=\"color: #000000;\">Das eigens f\u00fcr unser Projekt entwickelte Logo versinnbildlicht die verschiedenen Ans\u00e4tze und Ebenen, die in und mit dem Projekt \u201cDiversify! Mutliperspektivisch arbeiten im globalen Lernen\u201c realisiert worden sind: Der Kreis erinnert an eine Abstraktion der Erdkugel, der wei\u00dfe Hintergrund symbolisiert Lernen als lebenslangen, nie abgeschlossenen Prozess. Gleichzeitig steht dieser f\u00fcr den Kontext des Projektes: Es geht um globale Zusammenh\u00e4nge, Nord-S\u00fcd-Beziehungen und diese aktiv zu gestalten zum Nutzen aller und nicht auf Kosten vieler. Die bunten Kugeln und die Verbindungen zwischen ihnen verdeutlicht unseren p\u00e4dagogischen Ansatz und unsere Ziele: Verschiedene Perspektiven und gesellschaftliche Positionierungen sichtbar(er) machen, sich auf Augenh\u00f6he austauschen, von und miteinander lernen, verschiedene Wissenssysteme und Inhalte miteinander vernetzen, Verbindungen schaffen. Die bunten Farben des Netzwerkes repr\u00e4sentiert die diverse, pluralistische und demokratische Gesellschaft, f\u00fcr die sich solar e.V. mit diesem Projekt stark macht.<\/span><\/p>\n<h3><span style=\"color: #000000;\">Unsere F\u00f6rderer<\/span><\/h3>\n<p><span style=\"color: #000000;\">Wir bedanken uns f\u00fcr die Unterst\u00fctzung:<\/span><\/p>\n<p><span style=\"color: #000000;\"><img loading=\"lazy\" decoding=\"async\" class=\"alignleft size-full wp-image-9\" style=\"border: 2px solid black; padding: 1em;\" src=\"https:\/\/solarev.org\/diversify\/wp-content\/uploads\/sites\/11\/2024\/10\/berlin-swtf.png\" alt=\"\" width=\"300\" height=\"103\" \/><img loading=\"lazy\" decoding=\"async\" class=\"alignleft size-full wp-image-10\" style=\"border: 2px solid black; padding: 1em;\" src=\"https:\/\/solarev.org\/diversify\/wp-content\/uploads\/sites\/11\/2024\/10\/heidehof-stiftung.jpg\" alt=\"\" width=\"300\" height=\"121\" \/><\/span><\/p>\n<p>&nbsp;<\/p>\n<p>&nbsp;<\/p>\n<p>&nbsp;<\/p>\n<p>&nbsp;<\/p>\n<p><span style=\"color: #000000;\">Gef\u00f6rdert durch Engagement Global mit Mitteln des:<\/span><\/p>\n<p><span style=\"color: #000000;\"><img loading=\"lazy\" decoding=\"async\" class=\"alignleft size-medium wp-image-11\" style=\"border: 2px solid black; padding: 1em;\" src=\"https:\/\/solarev.org\/diversify\/wp-content\/uploads\/sites\/11\/2024\/10\/bundesministerium-wze-300x140.png\" alt=\"\" width=\"300\" height=\"140\" srcset=\"https:\/\/solarev.org\/diversify\/wp-content\/uploads\/sites\/11\/2024\/10\/bundesministerium-wze-300x140.png 300w, https:\/\/solarev.org\/diversify\/wp-content\/uploads\/sites\/11\/2024\/10\/bundesministerium-wze-1024x478.png 1024w, https:\/\/solarev.org\/diversify\/wp-content\/uploads\/sites\/11\/2024\/10\/bundesministerium-wze-768x358.png 768w, https:\/\/solarev.org\/diversify\/wp-content\/uploads\/sites\/11\/2024\/10\/bundesministerium-wze-1536x716.png 1536w, https:\/\/solarev.org\/diversify\/wp-content\/uploads\/sites\/11\/2024\/10\/bundesministerium-wze-425x198.png 425w, https:\/\/solarev.org\/diversify\/wp-content\/uploads\/sites\/11\/2024\/10\/bundesministerium-wze.png 1784w\" sizes=\"auto, (max-width: 300px) 100vw, 300px\" \/><\/span><\/p>\n<p>&nbsp;<\/p>\n<p>&nbsp;<\/p>\n<p>&nbsp;<\/p>\n","protected":false},"excerpt":{"rendered":"<p>Unser Logo Das eigens f\u00fcr unser Projekt entwickelte Logo versinnbildlicht die verschiedenen Ans\u00e4tze und Ebenen, die in und mit dem Projekt \u201cDiversify! Mutliperspektivisch arbeiten im globalen Lernen\u201c realisiert worden sind: Der Kreis erinnert an eine Abstraktion der Erdkugel, der wei\u00dfe Hintergrund symbolisiert Lernen als lebenslangen, nie abgeschlossenen Prozess. Gleichzeitig steht dieser f\u00fcr den Kontext des Projektes: Es geht um globale Zusammenh\u00e4nge, Nord-S\u00fcd-Beziehungen und diese aktiv zu gestalten zum Nutzen aller und nicht auf Kosten vieler. Die bunten Kugeln und die Verbindungen zwischen ihnen verdeutlicht unseren p\u00e4dagogischen Ansatz und unsere Ziele: Verschiedene Perspektiven und gesellschaftliche Positionierungen sichtbar(er) machen, sich auf Augenh\u00f6he austauschen, von und miteinander lernen,<a class=\"more-link\" href=\"https:\/\/solarev.org\/diversify\/logo-und-foerderer\/\">Read More &rarr;<\/a><\/p>\n","protected":false},"author":1,"featured_media":0,"parent":0,"menu_order":0,"comment_status":"closed","ping_status":"closed","template":"","meta":{"footnotes":""},"class_list":["entry","page","publish","author-s0lar-admin_a","post-8"],"aioseo_notices":[],"_links":{"self":[{"href":"https:\/\/solarev.org\/diversify\/wp-json\/wp\/v2\/pages\/8","targetHints":{"allow":["GET"]}}],"collection":[{"href":"https:\/\/solarev.org\/diversify\/wp-json\/wp\/v2\/pages"}],"about":[{"href":"https:\/\/solarev.org\/diversify\/wp-json\/wp\/v2\/types\/page"}],"author":[{"embeddable":true,"href":"https:\/\/solarev.org\/diversify\/wp-json\/wp\/v2\/users\/1"}],"replies":[{"embeddable":true,"href":"https:\/\/solarev.org\/diversify\/wp-json\/wp\/v2\/comments?post=8"}],"version-history":[{"count":24,"href":"https:\/\/solarev.org\/diversify\/wp-json\/wp\/v2\/pages\/8\/revisions"}],"predecessor-version":[{"id":152,"href":"https:\/\/solarev.org\/diversify\/wp-json\/wp\/v2\/pages\/8\/revisions\/152"}],"wp:attachment":[{"href":"https:\/\/solarev.org\/diversify\/wp-json\/wp\/v2\/media?parent=8"}],"curies":[{"name":"wp","href":"https:\/\/api.w.org\/{rel}","templated":true}]}}